{"id":3,"date":"2021-01-28T13:28:29","date_gmt":"2021-01-28T12:28:29","guid":{"rendered":"https:\/\/www.impfzentrum-pfaffenhofen.de\/testzentrumitk\/?page_id=3"},"modified":"2021-02-02T09:01:02","modified_gmt":"2021-02-02T08:01:02","slug":"datenschutzerklaerung","status":"publish","type":"page","link":"https:\/\/testzentrum-pfaffenhofen.de\/?page_id=3","title":{"rendered":"Datenschutzerkl\u00e4rung"},"content":{"rendered":"\n<p>Das Bayerische Rote Kreuz nimmt den Schutz personenbezogener Daten und damit eingeschlossen auch die Betroffenenrechte sehr ernst.<\/p>\n\n\n\n<p>Mit diesen Erl\u00e4uterungen zum Datenschutz m\u00f6chten wir Sie dar\u00fcber informieren,<br>\u2022welche personenbezogenen Daten wir beim Besuch unserer Webseite und<br>\u2022beim Ausf\u00fcllen unserer Onlineformulare oder<br>\u2022unseres Kontaktformulars speichern und<br>\u2022zu welchen Zwecken wir diese Daten verwenden und<br>\u2022welche Rechte Ihnen in diesem Zusammenhang zustehen.<\/p>\n\n\n\n<p>Wir kontrollieren regelm\u00e4\u00dfig die internen Prozesse sowie die technischen und organisatorischen Ma\u00dfnahmen, um zu gew\u00e4hrleisten, dass die Verarbeitung in unserem Verantwortungsbereich im Einklang mit den Anforderungen des geltenden Datenschutzrechts erfolgt und der Schutz der Rechte der betroffenen Person gew\u00e4hrleistet wird.<\/p>\n\n\n\n<p>Verantwortlicher:<br>Der BRK-Kreisverband Pfaffenhofen a.d. Ilm betreibt die vorliegende Webseite und ist verantwortlich f\u00fcr die Verarbeitung personenbezogener Daten gem\u00e4\u00df Datenschutzgrundverordnung. Die Erhebung, Verarbeitung und Nutzung Ihrer personenbezogenen Daten erfolgt in \u00dcbereinstimmung mit den geltenden deutschen und europ\u00e4ischen gesetzlichen Vorschriften.<\/p>\n\n\n\n<p>Bayerisches Rotes Kreuz<br>Kreisverband Pfaffenhofen a. d. Ilm<br>Michael-Weingartner-Stra\u00dfe 9<br>85276 Pfaffenhofen<\/p>\n\n\n\n<p>Telefon: (0 84 41) 49 33 \u2013 0<br>Telefax: (0 84 41) 49 33 \u2013 33<\/p>\n\n\n\n<p>Datenschutzbeauftragter:<br>Unseren Datenschutzbeauftragten erreichen Sie mit unserem Kontaktformular oder unter der oben angegebenen Postadresse mit dem Zusatz \u201eDatenschutzbeauftragter\u201c.<\/p>\n\n\n\n<p>Allgemeines zur Datenverarbeitung<br>Umfang der Verarbeitung personenbezogener Daten<br>Wir erheben und verwenden personenbezogene Daten unserer Nutzer grunds\u00e4tzlich nur, soweit dies zur Bereitstellung einer funktionsf\u00e4higen Website sowie unserer Inhalte und Leistungen erforderlich ist. Die Erhebung und Verwendung personenbezogener Daten unserer Nutzer erfolgt regelm\u00e4\u00dfig nur nach Einwilligung des Nutzers. Eine Ausnahme gilt in solchen F\u00e4llen, in denen eine vorherige Einholung einer Einwilligung aus tats\u00e4chlichen Gr\u00fcnden nicht m\u00f6glich ist und die Verarbeitung der Daten durch gesetzliche Vorschriften gestattet ist.<\/p>\n\n\n\n<p>Rechtsgrundlage f\u00fcr die Verarbeitung personenbezogener Daten<br>Folgende Rechtsgrundlagen bestehen f\u00fcr die Verarbeitung Ihrer personenbezogenen Daten:<\/p>\n\n\n\n<ul><li>Einwilligung<\/li><li>Vertragserf\u00fcllung oder vorvertragliche Ma\u00dfnahmen<\/li><li>rechtlichen Verpflichtung<\/li><li>Zur Wahrung eines berechtigten Interesses unseres Unternehmens oder eines Dritten erforderlich und die Interessen, Grundrechte und Grundfreiheiten des Betroffenen \u00fcberwiegen das erstgenannte Interesse nicht.<\/li><\/ul>\n\n\n\n<p>Datenl\u00f6schung und Speicherdauer<br>Datenl\u00f6schung und Speicherdauer<br>Personenbezogene Daten werden gel\u00f6scht oder gesperrt, sobald der Zweck der Speicherung entf\u00e4llt. Eine Speicherung kann dar\u00fcber hinaus dann erfolgen, wenn der L\u00f6schung eine gesetzliche Aufbewahrungsfrist z.B. aus der Abgabenordnung und dem Handelsgesetzbuch entgegensteht. Grunds\u00e4tzlich speichern wir Ihre Daten 10 Jahre.<\/p>\n\n\n\n<p>Betroffenenrechte<br>Als Betroffener stehen Ihnen folgende Rechte uns gegen\u00fcber zu:<br>\u2022Sie k\u00f6nnen Auskunft verlangen, welche personenbezogene Daten, welcher Herkunft \u00fcber Sie zu welchem Zweck gespeichert sind. Ebenso m\u00fcssen Sie dar\u00fcber unterrichtet werden, wenn Ihre Daten an Dritte \u00fcbermittelt werden. In diesem Fall ist Ihnen gegen\u00fcber die Identit\u00e4t des Empf\u00e4ngers oder \u00fcber die Kategorien von Empf\u00e4nger Auskunft zu geben.<br>\u2022Sollten Ihre personenbezogenen Daten unrichtig oder unvollst\u00e4ndig sein, so k\u00f6nnen Sie Ihre Berichtigung oder Erg\u00e4nzung verlangen.<br>\u2022Sie k\u00f6nnen der Verarbeitung Ihrer personenbezogenen Daten zu Werbezwecken widersprechen. F\u00fcr diese Zwecke m\u00fcssen Ihre Daten dann gesperrt werden.<br>\u2022Sie haben ein Recht auf Einschr\u00e4nkung der Verarbeitung, wenn Sie die Richtigkeit der Sie betreffenden personenbezogenen f\u00fcr eine Dauer bestreiten, die es dem Verantwortlichen erm\u00f6glicht, die Richtigkeit der personenbezogenen Daten zu \u00fcberpr\u00fcfen; die Verarbeitung unrechtm\u00e4\u00dfig ist und Sie die L\u00f6schung der personenbezogenen Daten ablehnen und stattdessen die Einschr\u00e4nkung der Nutzung der personenbezogenen Daten verlangen; der Verantwortliche die personenbezogenen Daten f\u00fcr die Zwecke der Verarbeitung nicht l\u00e4nger ben\u00f6tigt, Sie diese jedoch zur Geltendmachung, Aus\u00fcbung oder Verteidigung von Rechtsanspr\u00fcchen ben\u00f6tigen, oder wenn Sie Widerspruch gegen die Verarbeitung gem\u00e4\u00df Art. 21 Abs. 1 DSGVO eingelegt haben und noch nicht feststeht, ob die berechtigten Gr\u00fcnde des Verantwortlichen gegen\u00fcber Ihren Gr\u00fcnden \u00fcberwiegen.<br>\u2022Sie k\u00f6nnen die L\u00f6schung Ihrer Daten verlangen. Dies ist dann m\u00f6glich, wenn die Rechtsgrundlage f\u00fcr die Datenverarbeitung fehlt oder weggefallen ist. Gleiches gilt f\u00fcr den Fall, dass der Zweck der Datenverarbeitung durch Zeitablauf oder anderen Gr\u00fcnden entfallen ist. Bitte beachten Sie, dass einer L\u00f6schung eine bestehende Aufbewahrungsfrist oder andere schutzw\u00fcrdige Interessen des Bayerischen Roten Kreuzes entgegenstehen kann. Auf Nachfrage teilen wir Ihnen dieses gerne mit. Sollten wir Ihre Daten \u00f6ffentlich gemacht haben, so sind wir verpflichtet, jeden Empf\u00e4nger dar\u00fcber zu informieren, dass Sie die L\u00f6schung aller Links zu diesen personenbezogenen Daten oder von Kopien dieser personenbezogenen Daten verlangt haben.<br>\u2022Sie haben zudem ein Widerspruchsrecht, wenn Ihr schutzw\u00fcrdiges Interesse aufgrund einer pers\u00f6nlichen Situation das Interesse der Verarbeitung \u00fcberwiegt. Dies gilt aber dann nicht, wenn wir aufgrund einer Rechtsvorschrift zur Durchf\u00fchrung der Verarbeitung verpflichtet sind.<br>\u2022Unbeschadet eines anderweitigen verwaltungsrechtlichen oder gerichtlichen Rechtsbehelfs steht Ihnen das Recht auf Beschwerde bei unserer Aufsichtsbeh\u00f6rde, zu, wenn Sie der Ansicht sind, dass die Verarbeitung der Sie betreffenden personenbezogenen Daten gegen den Datenschutz verst\u00f6\u00dft.<br>Die Kontaktdaten unserer Aufsichtsbeh\u00f6rde lauten:<br>Der Bayerische Landesbeauftragte f\u00fcr den Datenschutz, Postfach 22 12 19, 80502 M\u00fcnchen,<br>Kontakt: https:\/\/www.datenschutz-bayern.de\/vorstell\/impressum.html<br>\u2022Sie haben das Recht, die Sie betreffenden personenbezogenen Daten, die Sie dem Verantwortlichen bereitgestellt haben, in einem strukturierten, g\u00e4ngigen und maschinenlesbaren Format zu erhalten.<\/p>\n\n\n\n<p>Website<br>Bei jedem Aufruf unserer Internetseite erfasst unser System automatisiert Daten und Informationen vom Computersystem des aufrufenden Rechners. Folgende Daten werden hierbei erhoben:<br>\u2022\u00fcber den Browsertyp und die verwendete Version<br>\u2022das Betriebssystem des Nutzers<br>\u2022Den Internet-Service-Provider des Nutzers<br>\u2022Die IP-Adresse des Nutzers<br>\u2022Datum und Uhrzeit des Zugriffs<br>\u2022Websites, von denen das System des Nutzers auf unsere Internetseite gelangt<br>\u2022Websites, die vom System des Nutzers \u00fcber unsere Website aufgerufen werden<\/p>\n\n\n\n<p>Aufgrund von gesetzlichen Vorschriften ist es uns erlaubt, die Daten und Logfiles vor\u00fcbergehend zu speichern. Die vor\u00fcbergehende Speicherung der IP-Adresse (Dauer der Nutzung) ist notwendig, um Ihnen die Webseite an Sie auszuliefern.<\/p>\n\n\n\n<p>Die vor\u00fcbergehende Speicherung der IP-Adresse durch das System ist notwendig, um eine Auslieferung der Website an den Rechner des Nutzers zu erm\u00f6glichen. Hierf\u00fcr muss die IP-Adresse des Nutzers f\u00fcr die Dauer der Sitzung gespeichert bleiben. Die Daten werden bis zum Ende der jeweiligen Sitzung von uns gespeichert und dann automatisch gel\u00f6scht. Da diese Daten f\u00fcr den Betrieb der Webseite zwingend erforderlich ist, haben Sie als Nutzer keine M\u00f6glichkeit der Verarbeitung zu widersprechen.<\/p>\n\n\n\n<p>Cookies<br>Diese Website verwendet Cookies. Cookies sind verschl\u00fcsselte Textfolgen, die eine Website auf dem Computer des Benutzers \/ der Benutzerin speichern. Cookies erm\u00f6glichen es, diesen Internetauftritt an Ihre Bed\u00fcrfnisse anzupassen. Zus\u00e4tzlich werden Cookies verwendet, um auf dieser Internetseite die Nutzung verschiedener Seiten zu messen.<\/p>\n\n\n\n<p>Die Arten von Cookies werden als \u201eSession-Cookies\u201c und \u201ePersistent-Cookies\u201c bezeichnet. Session-Cookies sind tempor\u00e4r und werden automatisch gel\u00f6scht, sobald Sie den Internetauftritt verlassen. Alle mit diesen Cookies erhobenen Informationen sind anonym und erlauben keinen R\u00fcckschluss auf die Person des Besuchers.<\/p>\n\n\n\n<p>Persistent-Cookies verbleiben auf der Festplatte Ihres Computers bis Sie diese l\u00f6schen. Die Cookies werden nicht benutzt um Daten \u00fcber Ihre Besuche auf anderen Seiten einzuholen. Cookies besch\u00e4digen oder beeintr\u00e4chtigen die Funktionsweise Ihres Computers, Ihrer Programme oder Dateien nicht.<\/p>\n\n\n\n<p>Sie k\u00f6nnen die Speicherung der Cookies durch eine entsprechende Einstellung Ihrer Browser-Software verhindern; wir weisen Sie jedoch darauf hin, dass Sie in diesem Fall gegebenenfalls nicht s\u00e4mtliche Funktionen dieser Website vollumf\u00e4nglich werden nutzen k\u00f6nnen.<\/p>\n\n\n\n<p>Kontaktformulare, Spendenformular, Stellenb\u00f6rse<\/p>\n\n\n\n<p>Auf unserer Webseite finden Sie Kontaktformulare. Diese k\u00f6nnen zur elektronischen Kontaktaufnahme genutzt werden. Die darin eingegebenen Daten werden von uns verarbeitet. Folgende Daten werden im Rahmen der Kontaktaufnahme verarbeitet:<\/p>\n\n\n\n<ul><li>Datum und Uhrzeit der Eingabe<\/li><li>Emailadresse<\/li><li>Namendaten<\/li><li>Ihr Mitteilungstext<\/li><\/ul>\n\n\n\n<p>Durch das Absenden der Formulare stimmen Sie der Verarbeitung Ihrer Daten zu. Eine Weitergabe an Dritte erfolgt nicht. Ihre Daten werden ausschlie\u00dflich zur Kontaktaufnahme mit Ihnen genutzt. Soweit personenbezogene Daten erhoben und verarbeitet werden, dient dies dem Zweck, einen Missbrauch der Dienste zu verhindern.<br>Ihre Daten werden gel\u00f6scht, wenn Sie nicht mehr f\u00fcr die Zweckerreichung erforderlich sind. Dies kann bei der Kontaktaufnahme von den Umst\u00e4nden des Einzelfalls abh\u00e4ngen.<\/p>\n\n\n\n<p>Verschl\u00fcsselte Daten\u00fcbertragung<br>Sowohl bei den Kontaktformularen als auch bei unserem Online-Spendenformular und bei unserem Bewerbungsformular verwenden wir beim Datentransfer das sogenannte SSL-Sicherheitssystem (Secure Socket Layer) in Verbindung mit einer 1024-Bit-Verschl\u00fcsselung. An der geschlossenen Darstellung eines Sch\u00fcssel- bzw. Schloss-Symbols in der Adresszeile Ihres Browsers erkennen Sie, dass die Daten verschl\u00fcsselt \u00fcbertragen werden. Beachten Sie au\u00dferdem die gesonderten Datenschutzinformationen f\u00fcr Spender und Bewerber.<\/p>\n\n\n\n<p>Verwendung von Social Media Plugins<br>Dieser Internetauftritt verwendet Social Plugins von verschiedenen sozialen Netzwerken.<\/p>\n\n\n\n<p>1.Wir nutzen dabei die sog. Zwei-Klick-L\u00f6sung. Das hei\u00dft, wenn Sie unsere Seite besuchen, werden zun\u00e4chst grunds\u00e4tzlich keine personenbezogenen Daten an die Anbieter der Plug-ins weitergegeben. Den Anbieter des Plug-ins erkennen Sie \u00fcber die Markierung auf der Verlinkung, \u00fcber seinen Anfangsbuchstaben oder \u00fcber das Logo.<br>Wir er\u00f6ffnen Ihnen die M\u00f6glichkeit, \u00fcber den Button direkt mit dem Anbieter des Plug-ins zu kommunizieren. Nur wenn Sie auf das markierte Feld klicken und es dadurch aktivieren, erh\u00e4lt der Plug-in-Anbieter die Information, dass Sie die entsprechende Website unseres Online-Angebots aufgerufen haben. Im Fall von Facebook und Xing wird nach Angaben der jeweiligen Anbieter in Deutschland die IP-Adresse sofort nach Erhebung anonymisiert.<br>Durch die Aktivierung des Plug-ins werden also personenbezogene Daten von Ihnen an den jeweiligen Plug-in-Anbieter \u00fcbermittelt und dort (bei US-amerikanischen Anbietern in den USA) gespeichert. Da der Plug-in-Anbieter die Datenerhebung insbesondere \u00fcber Cookies vornimmt, empfehlen wir Ihnen, vor dem Aktivieren eines Social Media Plug-Ins \u00fcber die Sicherheitseinstellungen Ihres Browsers alle Cookies zu l\u00f6schen.<br>2.Wir haben weder Einfluss auf die erhobenen Daten und Datenverarbeitungsvorg\u00e4nge noch sind uns der volle Umfang der Datenerhebung, die Zwecke der Verarbeitung, die Speicherfristen bekannt. Auch zur L\u00f6schung der erhobenen Daten durch den Plug-in-Anbieter liegen uns keine Informationen vor.<br>3.Der Plug-in-Anbieter speichert die \u00fcber Sie erhobenen Daten als Nutzungsprofile und nutzt diese f\u00fcr Zwecke der Werbung, Marktforschung und\/oder bedarfsgerechten Gestaltung seiner Website. Eine solche Auswertung erfolgt insbesondere (auch f\u00fcr nicht eingeloggte Nutzer) zur Darstellung von bedarfsgerechter Werbung und um andere Nutzer des sozialen Netzwerks \u00fcber Ihre Aktivit\u00e4ten auf unserer Website zu informieren. Ihnen steht ein Widerspruchsrecht gegen die Bildung dieser Nutzerprofile zu, wobei Sie sich zur Aus\u00fcbung dessen an den jeweiligen Plug-in-Anbieter wenden m\u00fcssen. \u00dcber die Plug-ins bieten wir Ihnen die M\u00f6glichkeit, mit den sozialen Netzwerken und anderen Nutzern zu interagieren, so dass wir unser Angebot verbessern und f\u00fcr Sie als Nutzer interessanter ausgestalten k\u00f6nnen. Rechtsgrundlage f\u00fcr die Nutzung der Plug-ins ist Art. 6 Abs. 1 S. 1 lit. f DS-GVO.<br>4.Die Datenweitergabe erfolgt unabh\u00e4ngig davon, ob Sie ein Konto bei dem Plug-in-Anbieter besitzen und dort eingeloggt sind. Wenn Sie bei dem Plug-in-Anbieter eingeloggt sind, werden Ihre bei uns erhobenen Daten direkt Ihrem beim Plug-in-Anbieter bestehenden Konto zugeordnet. Wenn Sie den aktivierten Button bet\u00e4tigen und z. B. die Seite verlinken, speichert der Plug-in-Anbieter auch diese Information in Ihrem Nutzerkonto und teilt sie Ihren Kontakten \u00f6ffentlich mit. Wir empfehlen Ihnen, sich nach Nutzung eines sozialen Netzwerks regelm\u00e4\u00dfig auszuloggen, insbesondere jedoch vor Aktivierung des Buttons, da Sie so eine Zuordnung zu Ihrem Profil bei dem Plug-in-Anbieter vermeiden k\u00f6nnen.<\/p>\n\n\n\n<p>Inhalte von Fremdanbietern<br>Google Analytics<\/p>\n\n\n\n<p>Diese Website benutzt Google Analytics, einen Webanalysedienst der Google Inc. (\u201eGoogle\u201c). Unter http:\/\/www.google.com\/intl\/de_ALL\/policies\/privacy\/ finden Sie n\u00e4here Angaben von Google \u00fcber die genutzten Techniken.<\/p>\n\n\n\n<p>Google Analytics verwendet sog. \u201eCookies\u201c, Textdateien, die auf Ihrem Computer gespeichert werden und die eine Analyse der Benutzung der Website durch Sie erm\u00f6glichen. Die durch das Cookie erzeugten Informationen \u00fcber Ihre Benutzung dieser Website werden in der Regel an einen Server von Google in den USA \u00fcbertragen und dort gespeichert. Sie k\u00f6nnen die Erfassung der durch das Cookie erzeugten und auf Ihre Nutzung der Website bezogenen Daten (inkl. Ihrer IP-Adresse) an Google sowie die Verarbeitung dieser Daten durch Google verhindern, indem sie das unter dem folgenden Link verf\u00fcgbare Browser-Plug-in herunterladen und installieren: http:\/\/tools.google.com\/dlpage\/gaoptout?hl=de.<\/p>\n\n\n\n<p>Diese Website verwendet Google Analytics mit der Erweiterung \u201e_anonymizeIp()\u201c. Dadurch werden IP-Adressen innerhalb von Mitgliedstaaten der Europ\u00e4ischen Union oder in anderen Vertragsstaaten des Abkommens \u00fcber den Europ\u00e4ischen Wirtschaftsraum gek\u00fcrzt verarbeitet. Eine Personenbeziehbarkeit kann damit ausgeschlossen werden. Nur in Ausnahmef\u00e4llen wird die volle IP-Adresse an einen Server von Google in den USA \u00fcbertragen und dort gek\u00fcrzt. Im Auftrag des Betreibers dieser Website wird Google diese Informationen benutzen, um Ihre Nutzung der Website auszuwerten, um Reports \u00fcber die Website-Aktivit\u00e4ten zusammenzustellen und um weitere mit der Website-Nutzung und der Internetnutzung verbundene Dienstleistungen gegen\u00fcber dem Website-Betreiber zu erbringen. Die im Rahmen von Google Analytics von Ihrem Browser \u00fcbermittelte IP-Adresse wird nicht mit anderen Daten von Google zusammengef\u00fchrt.<\/p>\n\n\n\n<p>Verwendung von Google-Maps f\u00fcr PLZ-Suche und Anfahrtswegberechnung<\/p>\n\n\n\n<p>Auf dieser Webseite nutzen wir das Angebot von Google Maps. Dadurch k\u00f6nnen wir Ihnen interaktive Karten direkt in der Website anzeigen und erm\u00f6glichen Ihnen die komfortable Nutzung der Karten-Funktion.<\/p>\n\n\n\n<p>Durch den Besuch auf der Website erh\u00e4lt Google die Information, dass Sie die entsprechende Unterseite unserer Website aufgerufen haben. Zudem werden die oben folgenden Daten \u00fcbermittelt:<br>\u2022IP-Adresse des anfragenden Rechners<br>\u2022Datum und Uhrzeit des Zugriffs<br>\u2022Name und URL der abgerufenen Datei<br>\u2022Website, von der aus der Zugriff erfolgt (Referrer-URL)<br>\u2022verwendeter Browser und ggf. das Betriebssystem Ihres Rechners sowie der Name Ihres Access-Providers<\/p>\n\n\n\n<p>Dies erfolgt unabh\u00e4ngig davon, ob Google ein Nutzerkonto bereitstellt, \u00fcber das Sie eingeloggt sind, oder ob kein Nutzerkonto besteht. Wenn Sie bei Google eingeloggt sind, werden Ihre Daten direkt Ihrem Konto zugeordnet. Wenn Sie die Zuordnung mit Ihrem Profil bei Google nicht w\u00fcnschen, m\u00fcssen Sie sich vor Aktivierung des Buttons abmelden. Google speichert Ihre Daten als Nutzungsprofile und nutzt sie f\u00fcr Zwecke der Werbung, Marktforschung und\/oder bedarfsgerechten Gestaltung seiner Website. Eine solche Auswertung erfolgt insbesondere (selbst f\u00fcr nicht eingeloggte Nutzer) zur Erbringung von bedarfsgerechter Werbung und um andere Nutzer des sozialen Netzwerks \u00fcber Ihre Aktivit\u00e4ten auf unserer Website zu informieren. Ihnen steht ein Widerspruchsrecht zu gegen die Bildung dieser Nutzerprofile, wobei Sie sich zur Aus\u00fcbung dessen an Google richten m\u00fcssen.<\/p>\n\n\n\n<p>Open Street Maps<br>Wir setzen auf unserer Seite Openstreet-Mapkarten ein, um beispielsweise bei der Standortsuche nach Postleitzahlen die Standorte von Kreisgesch\u00e4ftsstellen, Veranstaltungsorten oder Kleidercontainern zu zeigen. Der Kartenservice wird von der Organisation \u201eOpenstreetmap Foundation\u201c (OSMF) bereitgestellt. Auch hier werden bei jedem einzelnen Aufruf der Komponente \u201cOpenStreetMap\u201d die oben genannten Daten \u00fcbertragen<\/p>\n\n\n\n<p>Die Rechtsgrundlage f\u00fcr die Datenverarbeitung ist Art. 6 Abs. 1 S. 1 lit. f DSGVO. Der dahinterstehende werbliche Zweck ist als berechtigtes Interesse im Sinne der DSGVO anzusehen. Die Verantwortung f\u00fcr den datenschutzkonformen Betrieb ist durch die OSMF zu gew\u00e4hrleisten.<\/p>\n\n\n\n<p>Wenn Sie mit dieser Verarbeitung Ihrer Daten nicht einverstanden sind, so besteht die M\u00f6glichkeit, in ihrem Browser das Laden von externen Inhalten zu blockieren. Wir weisen Sie jedoch darauf hin, dass Sie in diesem Fall die \u201cOpenStreetMap\u201d nicht nutzen k\u00f6nnen.<\/p>\n\n\n\n<p>Einbindung von YouTube-Videos<br>Wir haben YouTube-Videos in unser Online-Angebot eingebunden, die auf http:\/\/www.youtube.com gespeichert sind und von unserer Website aus direkt abspielbar sind.<\/p>\n\n\n\n<p>Durch den Besuch auf der Website erh\u00e4lt YouTube die Information, dass Sie die entsprechende Unterseite unserer Website aufgerufen haben. Zudem werden die oben genannten Daten \u00fcbermittelt. Dies erfolgt unabh\u00e4ngig davon, ob YouTube ein Nutzerkonto bereitstellt, \u00fcber das Sie eingeloggt sind, oder ob kein Nutzerkonto besteht. Wenn Sie bei Google eingeloggt sind, werden Ihre Daten direkt Ihrem Konto zugeordnet. Wenn Sie die Zuordnung mit Ihrem Profil bei YouTube nicht w\u00fcnschen, m\u00fcssen Sie sich vor Aktivierung des Buttons abmelden. YouTube speichert Ihre Daten als Nutzungsprofile und nutzt sie f\u00fcr Zwecke der Werbung, Marktforschung und\/oder bedarfsgerechten Gestaltung seiner Website. Eine solche Auswertung erfolgt insbesondere (selbst f\u00fcr nicht eingeloggte Nutzer) zur Erbringung von bedarfsgerechter Werbung und um andere Nutzer des sozialen Netzwerks \u00fcber Ihre Aktivit\u00e4ten auf unserer Website zu informieren. Ihnen steht ein Widerspruchsrecht zu gegen die Bildung dieser Nutzerprofile, wobei Sie sich zur Aus\u00fcbung dessen an YouTube richten m\u00fcssen.<\/p>\n\n\n\n<p>Weitere Informationen zu Zweck und Umfang der Datenerhebung und ihrer Verarbeitung durch YouTube erhalten Sie in der Datenschutzerkl\u00e4rung. Dort erhalten Sie auch weitere Informationen zu Ihren Rechten und Einstellungsm\u00f6glichkeiten zum Schutz Ihrer Privatsph\u00e4re: https:\/\/www.google.de\/intl\/de\/policies\/privacy. Google verarbeitet Ihre personenbezogenen Daten auch in den USA und hat sich dem EU-US-Privacy-Shield unterworfen, https:\/\/www.privacyshield.gov\/EU-US-Framework.<\/p>\n","protected":false},"excerpt":{"rendered":"<p>Das Bayerische Rote Kreuz nimmt den Schutz personenbezogener Daten und damit eingeschlossen auch die Betroffenenrechte sehr ernst. Mit diesen Erl\u00e4uterungen zum Datenschutz m\u00f6chten wir Sie dar\u00fcber informieren,\u2022welche personenbezogenen Daten wir beim Besuch unserer Webseite und\u2022beim Ausf\u00fcllen unserer Onlineformulare oder\u2022unseres Kontaktformulars speichern und\u2022zu welchen Zwecken wir diese Daten verwenden und\u2022welche Rechte Ihnen in diesem Zusammenhang zustehen. [&hellip;]<\/p>\n","protected":false},"author":1,"featured_media":0,"parent":0,"menu_order":0,"comment_status":"closed","ping_status":"open","template":"","meta":{"footnotes":""},"_links":{"self":[{"href":"https:\/\/testzentrum-pfaffenhofen.de\/index.php?rest_route=\/wp\/v2\/pages\/3"}],"collection":[{"href":"https:\/\/testzentrum-pfaffenhofen.de\/index.php?rest_route=\/wp\/v2\/pages"}],"about":[{"href":"https:\/\/testzentrum-pfaffenhofen.de\/index.php?rest_route=\/wp\/v2\/types\/page"}],"author":[{"embeddable":true,"href":"https:\/\/testzentrum-pfaffenhofen.de\/index.php?rest_route=\/wp\/v2\/users\/1"}],"replies":[{"embeddable":true,"href":"https:\/\/testzentrum-pfaffenhofen.de\/index.php?rest_route=%2Fwp%2Fv2%2Fcomments&post=3"}],"version-history":[{"count":2,"href":"https:\/\/testzentrum-pfaffenhofen.de\/index.php?rest_route=\/wp\/v2\/pages\/3\/revisions"}],"predecessor-version":[{"id":87,"href":"https:\/\/testzentrum-pfaffenhofen.de\/index.php?rest_route=\/wp\/v2\/pages\/3\/revisions\/87"}],"wp:attachment":[{"href":"https:\/\/testzentrum-pfaffenhofen.de\/index.php?rest_route=%2Fwp%2Fv2%2Fmedia&parent=3"}],"curies":[{"name":"wp","href":"https:\/\/api.w.org\/{rel}","templated":true}]}}